{"id":258,"date":"2020-10-20T15:27:35","date_gmt":"2020-10-20T13:27:35","guid":{"rendered":"http:\/\/www.desta.fr\/?page_id=258"},"modified":"2020-10-20T15:27:36","modified_gmt":"2020-10-20T13:27:36","slug":"mentions-legales","status":"publish","type":"page","link":"http:\/\/www.desta.tv\/index.php\/mentions-legales\/","title":{"rendered":"Mentions l\u00e9gales"},"content":{"rendered":"\n<h2 class=\"wp-block-heading\">Politique de protection des donn\u00e9es personnelles<\/h2>\n\n\n\n<h2 class=\"wp-block-heading\">\u200b<\/h2>\n\n\n\n<p>A moins qu\u2019un consentement expr\u00e8s ne soit requis par les lois de votre pays en mati\u00e8re de protection des donn\u00e9es personnelles, en utilisant les pr\u00e9sents Supports (tels qu\u2019ils sont d\u00e9finis ci-dessous), vous consentez (i) \u00e0 ce que nous collections et utilisions vos donn\u00e9es personnelles de la mani\u00e8re d\u00e9crite dans la pr\u00e9sente Politique et (ii) au transfert de vos donn\u00e9es personnelles vers d\u2019autres pays que le v\u00f4tre (y compris vers des pays situ\u00e9s en dehors de l\u2019Union Europ\u00e9enne).<\/p>\n\n\n\n<h2 class=\"wp-block-heading\">\u00c0 quoi la pr\u00e9sente politique de protection des donnees personnelles s\u2019applique-<\/h2>\n\n\n\n<h2 class=\"wp-block-heading\">t-elle ?<\/h2>\n\n\n\n<p>La pr\u00e9sente politique de protection des donn\u00e9es personnelles s\u2019applique \u00e0 l\u2019ensemble des sites internet, des applications, ainsi qu\u2019\u00e0 toute autre initiative en ligne appartenant \u00e0 Ressource Peintures et proc\u00e9dant \u00e0 la collecte de donn\u00e9es personnelles (les \u00ab Supports \u00bb). Par cons\u00e9quent, la pr\u00e9sente Politique ne s\u2019applique pas aux sites internet de tiers, y compris \u00e0 ceux \u00e9ventuellement mentionn\u00e9s sur nos Supports par l\u2019interm\u00e9diaire d\u2019un lien internet.<\/p>\n\n\n\n<p>Veuillez noter que si la l\u00e9gislation de votre pays l\u2019exige, la pr\u00e9sente politique de protection des donn\u00e9es personnelles peut \u00eatre compl\u00e9t\u00e9e par des dispositions locales que nous vous invitons vivement \u00e0 consulter sur nos Supports.<\/p>\n\n\n\n<h2 class=\"wp-block-heading\">Quelles donnees collectons-nous aupr\u00e8s de vous ?<\/h2>\n\n\n\n<p>Avec votre consentement pr\u00e9alable, lorsque vous utilisez nos Supports nous sommes susceptibles de collecter et de traiter tout ou partie des donn\u00e9es suivantes :<\/p>\n\n\n\n<ul><li>les donn\u00e9es que vous fournissez (i) en remplissant des formulaires, (ii) en chargeant en ligne des contenus , (iii) en souscrivant \u00e0 des services en ligne (ex : applications et pages r\u00e9seaux sociaux) ou (iv) en nous adressant des correspondances :<\/li><li>pr\u00e9nom et nom de famille ;<\/li><li>adresse de courrier \u00e9lectronique ;<\/li><li>num\u00e9ro de t\u00e9l\u00e9phone ;<\/li><li>adresse postale ;<\/li><li>votre opinion sur nos produits ;<\/li><li>toute demande particuli\u00e8re que vous pourriez nous adresser (principalement pour des besoins d\u2019archivage) ;<\/li><li>les photos ou vid\u00e9os de vous que vous souhaitez partager.<\/li><li>Nous sommes susceptibles de vous demander de r\u00e9pondre \u00e0 des sondages que nous utilisons \u00e0 des fins scientifiques et statistiques.<\/li><\/ul>\n\n\n\n<h2 class=\"wp-block-heading\">Collectons-nous votre adresse ip et vos t\u00e9moins de connexion (cookies)?<\/h2>\n\n\n\n<p>Nous sommes susceptibles de collecter votre adresse IP et votre type de navigateur \u00e0 des fins d\u2019administration de nos syst\u00e8mes et\/ou d\u2019\u00e9tablissement de statistiques et sans identifier une quelconque autre information inpiduelle.<\/p>\n\n\n\n<p>Dans certains cas, nous sommes \u00e9galement susceptibles d\u2019utiliser des cookies qui correspondent \u00e0 des petits fichiers de lettres et de chiffres t\u00e9l\u00e9charg\u00e9s sur votre terminal lorsque vous acc\u00e9dez \u00e0 nos Supports.<\/p>\n\n\n\n<p>Nous utilisons principalement les cookies pour vous reconna\u00eetre lorsque vous vous connectez \u00e0 nouveau \u00e0 nos Supports et pour afficher un contenu susceptible de correspondre \u00e0 vos centres d\u2019int\u00e9r\u00eats.<\/p>\n\n\n\n<p>Les param\u00e8tres par d\u00e9faut des navigateurs internet sont habituellement r\u00e9gl\u00e9s de mani\u00e8re \u00e0 accepter les cookies, mais vous pouvez facilement changer cela en modifiant les param\u00e8tres de votre navigateur.<\/p>\n\n\n\n<p>Toutefois, veuillez noter que si vous choisissez de d\u00e9sactiver les cookies, il se peut que certaines parties de nos Supports ne soient pas accessibles.<\/p>\n\n\n\n<p>Nous vous invitons \u00e0 consulter nos r\u00e8gles d\u00e9taill\u00e9es applicables aux \u00ab Cookies \u00bb .<\/p>\n\n\n\n<h2 class=\"wp-block-heading\">Comment utilisons-nous vos donn\u00e9es personnelles ?<\/h2>\n\n\n\n<p>Nous utilisons principalement vos donn\u00e9es personnelles dans le cadre de la gestion de nos clients \/ prospects, et notamment pour r\u00e9pondre \u00e0 vos demandes ou pour vous envoyer r\u00e9guli\u00e8rement des nouvelles et des informations sur nos produits, nos op\u00e9rations et\/ou nos Supports susceptibles de susciter votre int\u00e9r\u00eat.<\/p>\n\n\n\n<p>Nous utilisons \u00e9galement vos donn\u00e9es pour am\u00e9liorer votre exp\u00e9rience digitale sur nos Supports : comprendre l\u2019int\u00e9r\u00eat que vous portez \u00e0 nos Supports et \u00e0 leur contenu, faire en sorte que nos Supports soient pr\u00e9sent\u00e9s de la mani\u00e8re qui soit la plus adapt\u00e9e \u00e0 vous et \u00e0 votre terminal, et vous prot\u00e9ger contre d\u2019\u00e9ventuelles actions frauduleuses.<\/p>\n\n\n\n<h2 class=\"wp-block-heading\">Comment pouvez-vous acc\u00e9der \u00e0 vos donn\u00e9es personnelles ?<\/h2>\n\n\n\n<p>Vous avez toujours la possibilit\u00e9 de nous contacter par courrier postal, par courrier \u00e9lectronique ou par t\u00e9l\u00e9phone (veuillez-vous reporter aux coordonn\u00e9es indiqu\u00e9es dans les conditions d\u2019utilisation des Supports que vous utilisez) pour consulter les donn\u00e9es personnelles vous concernant qui sont en notre possession. \u2028Si vous identifiez une erreur parmi ces donn\u00e9es ou si vous les jugez incompl\u00e8tes ou ambig\u00fces, vous pouvez \u00e9galement nous demander de les corriger, de les compl\u00e9ter ou de les clarifier. \u2028Vous pouvez \u00e9galement vous opposer \u00e0 ce que vos donn\u00e9es soient utilis\u00e9es \u00e0 des fins de prospection commerciale ou communiqu\u00e9es \u00e0 des tiers \u00e0 cette fin. \u2028Enfin, vous pouvez nous demander de supprimer toute donn\u00e9e personnelle qui vous concerne et que nous d\u00e9tenons. Toutefois, veuillez noter que nous sommes susceptibles de conserver une trace de vos donn\u00e9es \u00e0 des fins d\u2019archivage (en particulier lorsque la loi nous l\u2019impose).<\/p>\n\n\n\n<h2 class=\"wp-block-heading\">Partageons-nous vos donn\u00e9es personnelles ?<\/h2>\n\n\n\n<p>Sous r\u00e9serve de ce qui est indiqu\u00e9 dans la pr\u00e9sente politique de protection des donn\u00e9es personnelles ou \u00e0 moins que nous n\u2019ayons pr\u00e9alablement obtenu votre consentement, nous sommes susceptibles de communiquer vos donn\u00e9es personnelles avec des personnes employ\u00e9es de Ressource Peintures ou nos prestataires de services (par exemple, nos agences Web qui g\u00e8rent pour notre compte certaines op\u00e9rations en ligne) et\/ou partenaires commerciaux pour les finalit\u00e9s pr\u00e9c\u00e9demment mentionn\u00e9es, et uniquement dans la limite n\u00e9cessaire \u00e0 l\u2019accomplissement des t\u00e2ches qui leurs sont confi\u00e9es. Ces personnes pourront \u00eatre amen\u00e9es \u00e0 vous contacter directement \u00e0 partir des coordonn\u00e9es que vous nous avez communiqu\u00e9es.<\/p>\n\n\n\n<p>Veuillez noter que nous exigeons de mani\u00e8re stricte de nos prestataires de services qu\u2019ils utilisent vos donn\u00e9es personnelles uniquement pour g\u00e9rer les services que nous leur demandons de fournir. Nous demandons \u00e9galement \u00e0 ces prestataires de toujours agir en conformit\u00e9 avec les lois applicables en mati\u00e8re de protection de donn\u00e9es personnelles et d\u2019accorder une attention particuli\u00e8re \u00e0 la confidentialit\u00e9 de ces donn\u00e9es.<\/p>\n\n\n\n<h2 class=\"wp-block-heading\">O\u00f9 stockons-nous vos donn\u00e9es personnelles ?<\/h2>\n\n\n\n<p>Vos donn\u00e9es personnelles sont stock\u00e9es soit dans nos bases de donn\u00e9es soit dans celles de nos prestataires de services.<\/p>\n\n\n\n<p>Dans certains cas, et principalement pour des raisons techniques, ces bases de donn\u00e9es peuvent \u00eatre stock\u00e9es sur des serveurs situ\u00e9s en dehors du pays (y compris en dehors de l\u2019Union europ\u00e9enne) depuis lequel vous avez initialement saisi les donn\u00e9es.<\/p>\n\n\n\n<h2 class=\"wp-block-heading\">Transferons-nous vos donnees personnelle en dehors de l\u2019espace \u00e9conomique europeen ?<\/h2>\n\n\n\n<p>En raison notamment de la dimension internationale de Ressource Peintures et afin d\u2019optimiser la qualit\u00e9 de service, les<\/p>\n\n\n\n<p>communications d\u2019information vis\u00e9es ci-dessus sont susceptibles d\u2019impliquer des transferts de donn\u00e9es \u00e0 caract\u00e8re personnel en dehors de votre pays et\/ou vers des pays non-membres de l\u2019Espace \u00c9conomique Europ\u00e9en, dont les l\u00e9gislations en mati\u00e8re de protection des donn\u00e9es \u00e0 caract\u00e8re personnel diff\u00e8rent de celles de l\u2019Union Europ\u00e9enne.<\/p>\n\n\n\n<p>Dans ce cas, des mesures physiques, organisationnelles, proc\u00e9durales, techniques et relatives aux personnels, rigoureuses et appropri\u00e9es, assurent la s\u00e9curit\u00e9 et la confidentialit\u00e9 des donn\u00e9es \u00e0 caract\u00e8re personnel.<\/p>\n\n\n\n<h2 class=\"wp-block-heading\">Vos donn\u00e9es personnelles sont-elles conserv\u00e9es en s\u00e9curit\u00e9 ?<\/h2>\n\n\n\n<p>Nous avons pour objectif de toujours conserver vos donn\u00e9es personnelles de la mani\u00e8re la plus s\u00fbre et la plus s\u00e9curis\u00e9e, et uniquement pendant la dur\u00e9e n\u00e9cessaire \u00e0 la r\u00e9alisation de la finalit\u00e9 poursuivie par le traitement. Dans cette perspective, nous prenons les mesures physiques, techniques et organisationnelles appropri\u00e9es pour emp\u00eacher dans toute la mesure du possible toute alt\u00e9ration ou perte de vos donn\u00e9es ou tout acc\u00e8s non autoris\u00e9 \u00e0 celles-ci.<\/p>\n\n\n\n<p>Nous vous informons que cette politique de protection des donn\u00e9es personnelles peut \u00eatre modifi\u00e9e par nos soins. Dans ce cas, ces modifications seront consultables sur cette page.<\/p>\n\n\n\n<h2 class=\"wp-block-heading\">Dispositions locales<\/h2>\n\n\n\n<p>France<\/p>\n\n\n\n<p>Conform\u00e9ment \u00e0 la loi n\u00b078-17 du 6 janvier 1978 modifi\u00e9e relative \u00e0 l\u2019informatique, aux fichiers et aux libert\u00e9s, vous disposez d\u2019un droit d\u2019acc\u00e8s, de modification, de rectification et de suppression des donn\u00e9es vous concernant.<\/p>\n","protected":false},"excerpt":{"rendered":"<p>Politique de protection des donn\u00e9es personnelles \u200b A moins qu\u2019un consentement expr\u00e8s ne soit requis par les lois de votre pays en mati\u00e8re de protection des donn\u00e9es personnelles, en utilisant les pr\u00e9sents Supports (tels qu\u2019ils sont d\u00e9finis ci-dessous), vous consentez (i) \u00e0 ce que nous collections et utilisions vos donn\u00e9es personnelles de la mani\u00e8re d\u00e9crite [&hellip;]<\/p>\n","protected":false},"author":1,"featured_media":0,"parent":0,"menu_order":0,"comment_status":"closed","ping_status":"closed","template":"","meta":{"_et_pb_use_builder":"","_et_pb_old_content":"","_et_gb_content_width":"","footnotes":""},"yoast_head":"<!-- This site is optimized with the Yoast SEO plugin v21.6 - https:\/\/yoast.com\/wordpress\/plugins\/seo\/ -->\n<title>Mentions l\u00e9gales DESTA Antennes individuelles, collectives et satellites<\/title>\n<meta name=\"robots\" content=\"index, follow, max-snippet:-1, max-image-preview:large, max-video-preview:-1\" \/>\n<link rel=\"canonical\" href=\"http:\/\/www.desta.tv\/index.php\/mentions-legales\/\" \/>\n<meta property=\"og:locale\" content=\"fr_FR\" \/>\n<meta property=\"og:type\" content=\"article\" \/>\n<meta property=\"og:title\" content=\"Mentions l\u00e9gales DESTA Antennes individuelles, collectives et satellites\" \/>\n<meta property=\"og:description\" content=\"Politique de protection des donn\u00e9es personnelles \u200b A moins qu\u2019un consentement expr\u00e8s ne soit requis par les lois de votre pays en mati\u00e8re de protection des donn\u00e9es personnelles, en utilisant les pr\u00e9sents Supports (tels qu\u2019ils sont d\u00e9finis ci-dessous), vous consentez (i) \u00e0 ce que nous collections et utilisions vos donn\u00e9es personnelles de la mani\u00e8re d\u00e9crite [&hellip;]\" \/>\n<meta property=\"og:url\" content=\"http:\/\/www.desta.tv\/index.php\/mentions-legales\/\" \/>\n<meta property=\"og:site_name\" content=\"DESTA Antennes individuelles, collectives et satellites\" \/>\n<meta property=\"article:modified_time\" content=\"2020-10-20T13:27:36+00:00\" \/>\n<meta name=\"twitter:card\" content=\"summary_large_image\" \/>\n<meta name=\"twitter:label1\" content=\"Dur\u00e9e de lecture estim\u00e9e\" \/>\n\t<meta name=\"twitter:data1\" content=\"7 minutes\" \/>\n<script type=\"application\/ld+json\" class=\"yoast-schema-graph\">{\"@context\":\"https:\/\/schema.org\",\"@graph\":[{\"@type\":\"WebPage\",\"@id\":\"http:\/\/www.desta.tv\/index.php\/mentions-legales\/\",\"url\":\"http:\/\/www.desta.tv\/index.php\/mentions-legales\/\",\"name\":\"Mentions l\u00e9gales DESTA Antennes individuelles, collectives et satellites\",\"isPartOf\":{\"@id\":\"http:\/\/www.desta.tv\/#website\"},\"datePublished\":\"2020-10-20T13:27:35+00:00\",\"dateModified\":\"2020-10-20T13:27:36+00:00\",\"breadcrumb\":{\"@id\":\"http:\/\/www.desta.tv\/index.php\/mentions-legales\/#breadcrumb\"},\"inLanguage\":\"fr-FR\",\"potentialAction\":[{\"@type\":\"ReadAction\",\"target\":[\"http:\/\/www.desta.tv\/index.php\/mentions-legales\/\"]}]},{\"@type\":\"BreadcrumbList\",\"@id\":\"http:\/\/www.desta.tv\/index.php\/mentions-legales\/#breadcrumb\",\"itemListElement\":[{\"@type\":\"ListItem\",\"position\":1,\"name\":\"Accueil\",\"item\":\"http:\/\/www.desta.tv\/\"},{\"@type\":\"ListItem\",\"position\":2,\"name\":\"Mentions l\u00e9gales\"}]},{\"@type\":\"WebSite\",\"@id\":\"http:\/\/www.desta.tv\/#website\",\"url\":\"http:\/\/www.desta.tv\/\",\"name\":\"DESTA Antennes individuelles, collectives et satellites\",\"description\":\"Rapide et \u00e9fficace\",\"publisher\":{\"@id\":\"http:\/\/www.desta.tv\/#organization\"},\"potentialAction\":[{\"@type\":\"SearchAction\",\"target\":{\"@type\":\"EntryPoint\",\"urlTemplate\":\"http:\/\/www.desta.tv\/?s={search_term_string}\"},\"query-input\":\"required name=search_term_string\"}],\"inLanguage\":\"fr-FR\"},{\"@type\":\"Organization\",\"@id\":\"http:\/\/www.desta.tv\/#organization\",\"name\":\"ATTIR\",\"url\":\"http:\/\/www.desta.tv\/\",\"logo\":{\"@type\":\"ImageObject\",\"inLanguage\":\"fr-FR\",\"@id\":\"http:\/\/www.desta.tv\/#\/schema\/logo\/image\/\",\"url\":\"https:\/\/www.desta.tv\/wp-content\/uploads\/2020\/10\/Logo-2020-antennes-carre.png\",\"contentUrl\":\"https:\/\/www.desta.tv\/wp-content\/uploads\/2020\/10\/Logo-2020-antennes-carre.png\",\"width\":1000,\"height\":1000,\"caption\":\"ATTIR\"},\"image\":{\"@id\":\"http:\/\/www.desta.tv\/#\/schema\/logo\/image\/\"}}]}<\/script>\n<!-- \/ Yoast SEO plugin. -->","yoast_head_json":{"title":"Mentions l\u00e9gales DESTA Antennes individuelles, collectives et satellites","robots":{"index":"index","follow":"follow","max-snippet":"max-snippet:-1","max-image-preview":"max-image-preview:large","max-video-preview":"max-video-preview:-1"},"canonical":"http:\/\/www.desta.tv\/index.php\/mentions-legales\/","og_locale":"fr_FR","og_type":"article","og_title":"Mentions l\u00e9gales DESTA Antennes individuelles, collectives et satellites","og_description":"Politique de protection des donn\u00e9es personnelles \u200b A moins qu\u2019un consentement expr\u00e8s ne soit requis par les lois de votre pays en mati\u00e8re de protection des donn\u00e9es personnelles, en utilisant les pr\u00e9sents Supports (tels qu\u2019ils sont d\u00e9finis ci-dessous), vous consentez (i) \u00e0 ce que nous collections et utilisions vos donn\u00e9es personnelles de la mani\u00e8re d\u00e9crite [&hellip;]","og_url":"http:\/\/www.desta.tv\/index.php\/mentions-legales\/","og_site_name":"DESTA Antennes individuelles, collectives et satellites","article_modified_time":"2020-10-20T13:27:36+00:00","twitter_card":"summary_large_image","twitter_misc":{"Dur\u00e9e de lecture estim\u00e9e":"7 minutes"},"schema":{"@context":"https:\/\/schema.org","@graph":[{"@type":"WebPage","@id":"http:\/\/www.desta.tv\/index.php\/mentions-legales\/","url":"http:\/\/www.desta.tv\/index.php\/mentions-legales\/","name":"Mentions l\u00e9gales DESTA Antennes individuelles, collectives et satellites","isPartOf":{"@id":"http:\/\/www.desta.tv\/#website"},"datePublished":"2020-10-20T13:27:35+00:00","dateModified":"2020-10-20T13:27:36+00:00","breadcrumb":{"@id":"http:\/\/www.desta.tv\/index.php\/mentions-legales\/#breadcrumb"},"inLanguage":"fr-FR","potentialAction":[{"@type":"ReadAction","target":["http:\/\/www.desta.tv\/index.php\/mentions-legales\/"]}]},{"@type":"BreadcrumbList","@id":"http:\/\/www.desta.tv\/index.php\/mentions-legales\/#breadcrumb","itemListElement":[{"@type":"ListItem","position":1,"name":"Accueil","item":"http:\/\/www.desta.tv\/"},{"@type":"ListItem","position":2,"name":"Mentions l\u00e9gales"}]},{"@type":"WebSite","@id":"http:\/\/www.desta.tv\/#website","url":"http:\/\/www.desta.tv\/","name":"DESTA Antennes individuelles, collectives et satellites","description":"Rapide et \u00e9fficace","publisher":{"@id":"http:\/\/www.desta.tv\/#organization"},"potentialAction":[{"@type":"SearchAction","target":{"@type":"EntryPoint","urlTemplate":"http:\/\/www.desta.tv\/?s={search_term_string}"},"query-input":"required name=search_term_string"}],"inLanguage":"fr-FR"},{"@type":"Organization","@id":"http:\/\/www.desta.tv\/#organization","name":"ATTIR","url":"http:\/\/www.desta.tv\/","logo":{"@type":"ImageObject","inLanguage":"fr-FR","@id":"http:\/\/www.desta.tv\/#\/schema\/logo\/image\/","url":"https:\/\/www.desta.tv\/wp-content\/uploads\/2020\/10\/Logo-2020-antennes-carre.png","contentUrl":"https:\/\/www.desta.tv\/wp-content\/uploads\/2020\/10\/Logo-2020-antennes-carre.png","width":1000,"height":1000,"caption":"ATTIR"},"image":{"@id":"http:\/\/www.desta.tv\/#\/schema\/logo\/image\/"}}]}},"_links":{"self":[{"href":"http:\/\/www.desta.tv\/index.php\/wp-json\/wp\/v2\/pages\/258"}],"collection":[{"href":"http:\/\/www.desta.tv\/index.php\/wp-json\/wp\/v2\/pages"}],"about":[{"href":"http:\/\/www.desta.tv\/index.php\/wp-json\/wp\/v2\/types\/page"}],"author":[{"embeddable":true,"href":"http:\/\/www.desta.tv\/index.php\/wp-json\/wp\/v2\/users\/1"}],"replies":[{"embeddable":true,"href":"http:\/\/www.desta.tv\/index.php\/wp-json\/wp\/v2\/comments?post=258"}],"version-history":[{"count":1,"href":"http:\/\/www.desta.tv\/index.php\/wp-json\/wp\/v2\/pages\/258\/revisions"}],"predecessor-version":[{"id":259,"href":"http:\/\/www.desta.tv\/index.php\/wp-json\/wp\/v2\/pages\/258\/revisions\/259"}],"wp:attachment":[{"href":"http:\/\/www.desta.tv\/index.php\/wp-json\/wp\/v2\/media?parent=258"}],"curies":[{"name":"wp","href":"https:\/\/api.w.org\/{rel}","templated":true}]}}